{"id":171,"date":"2025-10-06T09:40:15","date_gmt":"2025-10-06T06:40:15","guid":{"rendered":"https:\/\/hommanas.com\/?page_id=171"},"modified":"2026-01-05T12:17:37","modified_gmt":"2026-01-05T10:17:37","slug":"home","status":"publish","type":"page","link":"https:\/\/hommanas.com\/en\/","title":{"rendered":"Home"},"content":{"rendered":"<section class=\"bde-section-171-117 bde-section\">\n  \n  \n\t\n\n\n\n<div class=\"section-container\"><div class=\"bde-div-171-118 bde-div\">\n  \n  \n\t\n\n\n\n<div class=\"bde-rich-text-171-105 bde-rich-text breakdance-rich-text-styles\">\n<h1 class=\"hero-title\">\n<span class=\"line line-1\">Genuine<\/span>\n<span class=\"line line-2\">Flavours<\/span>\n<span class=\"line line-3\">from Porvoo<\/span>\n<\/h1>\n<\/div><div class=\"bde-text-171-107 bde-text\">\nColours and tastes from real berries and pure nature.\n<\/div>\n<\/div><div class=\"bde-button-171-108 bde-button\">\n    \n                        \n                        \n    \n    \n    \n    \n            \n                    \n            \n            \n\n    \n    \n    \n    \n    \n    <a class=\"breakdance-link button-atom button-atom--primary bde-button__button\" href=\"https:\/\/hommanas.com\/en\/products\/\" target=\"_self\" data-type=\"url\"  >\n\n    \n        <span class=\"button-atom__text\">Explore our selection<\/span>\n\n        \n        \n                <\/a>\n\n    \n\n\n<\/div><img decoding=\"async\" class=\"bde-image2-171-119 bde-image2 float-img\" src=\"https:\/\/hommanas-com.staging.hel3.wp-cloud.dev\/wp-content\/uploads\/2025\/10\/pexels-elly-fairytale-3807512-scaled.jpg\" loading=\"lazy\" srcset=\"https:\/\/hommanas-com.staging.hel3.wp-cloud.dev\/wp-content\/uploads\/2025\/10\/pexels-elly-fairytale-3807512-scaled.jpg 1707w, https:\/\/hommanas-com.staging.hel3.wp-cloud.dev\/wp-content\/uploads\/2025\/10\/pexels-elly-fairytale-3807512-200x300.jpg 200w, https:\/\/hommanas-com.staging.hel3.wp-cloud.dev\/wp-content\/uploads\/2025\/10\/pexels-elly-fairytale-3807512-683x1024.jpg 683w, https:\/\/hommanas-com.staging.hel3.wp-cloud.dev\/wp-content\/uploads\/2025\/10\/pexels-elly-fairytale-3807512-768x1152.jpg 768w, https:\/\/hommanas-com.staging.hel3.wp-cloud.dev\/wp-content\/uploads\/2025\/10\/pexels-elly-fairytale-3807512-1024x1536.jpg 1024w, https:\/\/hommanas-com.staging.hel3.wp-cloud.dev\/wp-content\/uploads\/2025\/10\/pexels-elly-fairytale-3807512-1365x2048.jpg 1365w, https:\/\/hommanas-com.staging.hel3.wp-cloud.dev\/wp-content\/uploads\/2025\/10\/pexels-elly-fairytale-3807512-600x900.jpg 600w\" sizes=\"(max-width: 1707px) 100vw, 1707px\"><\/div>\n<\/section><section class=\"bde-section-171-120 bde-section green-section\">\n  \n  \n\t\n\n\n\n<div class=\"section-container\"><div class=\"bde-div-171-122 bde-div\">\n  \n  \n\t\n\n\n\n<div class=\"bde-rich-text-171-121 bde-rich-text breakdance-rich-text-styles\">\n<p>The rich colour and flavour of our delicacies come from genuine berries and the clean Nordic nature.\nIn our berry products, we use only high-quality Finnish and European ingredients, and for preservation and sweetness \u2014 real sugar.<\/p>\n<\/div>\n<\/div><div class=\"bde-text-171-123 bde-text bleed-left\">\nHomman\u00e4s\n<\/div><\/div>\n<\/section><section class=\"bde-section-171-124 bde-section\">\n  \n  \n\t\n\n\n\n<div class=\"section-container\"><h2 class=\"bde-heading-171-125 bde-heading\">\nOur Products\n<\/h2><div class=\"bde-advancedslider-171-129 bde-advancedslider\">\n<div class=\"breakdance-swiper-wrapper\" data-swiper-id=\"129\">\n  <div class=\"swiper\">\n    <div class=\"swiper-wrapper\">\n      <div class=\"bde-advancedslide-171-130 bde-advancedslide swiper-slide\"><div class=\"advanced-slider__slide\">\r\n  <a class=\"bde-container-link-171-166 bde-container-link breakdance-link\" href=\"https:\/\/hommanas.com\/en\/product-category\/jams-and-marmalades\/#tuotekatalogi\" target=\"_self\" data-type=\"url\">\n  \n  \n\t\n\n\n\n<img decoding=\"async\" class=\"bde-image2-171-140 bde-image2\" src=\"https:\/\/hommanas-com.staging.hel3.wp-cloud.dev\/wp-content\/uploads\/2025\/10\/Hommanas-Hillot_ja_marmeladit-Category_img.jpg\" loading=\"lazy\" srcset=\"https:\/\/hommanas-com.staging.hel3.wp-cloud.dev\/wp-content\/uploads\/2025\/10\/Hommanas-Hillot_ja_marmeladit-Category_img.jpg 615w, https:\/\/hommanas-com.staging.hel3.wp-cloud.dev\/wp-content\/uploads\/2025\/10\/Hommanas-Hillot_ja_marmeladit-Category_img-249x300.jpg 249w, https:\/\/hommanas-com.staging.hel3.wp-cloud.dev\/wp-content\/uploads\/2025\/10\/Hommanas-Hillot_ja_marmeladit-Category_img-600x722.jpg 600w\" sizes=\"(max-width: 615px) 100vw, 615px\"><h1 class=\"bde-heading-171-141 bde-heading\">\nJams and Marmalades\n<\/h1>\n\n<\/a>\r\n<\/div><\/div><div class=\"bde-advancedslide-171-143 bde-advancedslide swiper-slide\"><div class=\"advanced-slider__slide\">\r\n  <a class=\"bde-container-link-171-167 bde-container-link breakdance-link\" href=\"https:\/\/hommanas.com\/en\/product-category\/jellies-and-mustards\/#tuotekatalogi\" target=\"_self\" data-type=\"url\">\n  \n  \n\t\n\n\n\n<img decoding=\"async\" class=\"bde-image2-171-144 bde-image2\" src=\"https:\/\/hommanas-com.staging.hel3.wp-cloud.dev\/wp-content\/uploads\/2025\/10\/Hommanas-Hyytelot_ja_sinapit-Category_img.jpg\" loading=\"lazy\" srcset=\"https:\/\/hommanas-com.staging.hel3.wp-cloud.dev\/wp-content\/uploads\/2025\/10\/Hommanas-Hyytelot_ja_sinapit-Category_img.jpg 615w, https:\/\/hommanas-com.staging.hel3.wp-cloud.dev\/wp-content\/uploads\/2025\/10\/Hommanas-Hyytelot_ja_sinapit-Category_img-249x300.jpg 249w, https:\/\/hommanas-com.staging.hel3.wp-cloud.dev\/wp-content\/uploads\/2025\/10\/Hommanas-Hyytelot_ja_sinapit-Category_img-600x722.jpg 600w\" sizes=\"(max-width: 615px) 100vw, 615px\"><h1 class=\"bde-heading-171-145 bde-heading\">\nJellies and Mustards\n<\/h1>\n\n<\/a>\r\n<\/div><\/div><div class=\"bde-advancedslide-171-147 bde-advancedslide swiper-slide\"><div class=\"advanced-slider__slide\">\r\n  <a class=\"bde-container-link-171-168 bde-container-link breakdance-link\" href=\"https:\/\/hommanas.com\/en\/product-category\/drinks\/#tuotekatalogi\" target=\"_self\" data-type=\"url\">\n  \n  \n\t\n\n\n\n<img decoding=\"async\" class=\"bde-image2-171-148 bde-image2\" src=\"https:\/\/hommanas-com.staging.hel3.wp-cloud.dev\/wp-content\/uploads\/2025\/10\/Hommanas-Juomat-Category_img.jpg\" loading=\"lazy\" srcset=\"https:\/\/hommanas-com.staging.hel3.wp-cloud.dev\/wp-content\/uploads\/2025\/10\/Hommanas-Juomat-Category_img.jpg 615w, https:\/\/hommanas-com.staging.hel3.wp-cloud.dev\/wp-content\/uploads\/2025\/10\/Hommanas-Juomat-Category_img-249x300.jpg 249w, https:\/\/hommanas-com.staging.hel3.wp-cloud.dev\/wp-content\/uploads\/2025\/10\/Hommanas-Juomat-Category_img-600x722.jpg 600w\" sizes=\"(max-width: 615px) 100vw, 615px\"><h1 class=\"bde-heading-171-149 bde-heading\">\nDrinks\n<\/h1>\n\n<\/a>\r\n<\/div><\/div><div class=\"bde-advancedslide-171-151 bde-advancedslide swiper-slide\"><div class=\"advanced-slider__slide\">\r\n  <a class=\"bde-container-link-171-169 bde-container-link breakdance-link\" href=\"https:\/\/hommanas.com\/en\/product-category\/gift-packages\/#tuotekatalogi\" target=\"_self\" data-type=\"url\">\n  \n  \n\t\n\n\n\n<img decoding=\"async\" class=\"bde-image2-171-152 bde-image2\" src=\"https:\/\/hommanas-com.staging.hel3.wp-cloud.dev\/wp-content\/uploads\/2025\/10\/Hommanas-Lahjapakkaukset-Category_img.jpg\" loading=\"lazy\" srcset=\"https:\/\/hommanas-com.staging.hel3.wp-cloud.dev\/wp-content\/uploads\/2025\/10\/Hommanas-Lahjapakkaukset-Category_img.jpg 615w, https:\/\/hommanas-com.staging.hel3.wp-cloud.dev\/wp-content\/uploads\/2025\/10\/Hommanas-Lahjapakkaukset-Category_img-249x300.jpg 249w, https:\/\/hommanas-com.staging.hel3.wp-cloud.dev\/wp-content\/uploads\/2025\/10\/Hommanas-Lahjapakkaukset-Category_img-600x722.jpg 600w\" sizes=\"(max-width: 615px) 100vw, 615px\"><h1 class=\"bde-heading-171-153 bde-heading\">\nGift Packages\n<\/h1>\n\n<\/a>\r\n<\/div><\/div>\n    <\/div>\n  <\/div>\n\n              <div class=\"swiper-button-prev\">\n            <svg xmlns=\"http:\/\/www.w3.org\/2000\/svg\" id=\"icon-circle-left\" viewbox=\"0 0 32 32\">\n<path d=\"M16 32c8.837 0 16-7.163 16-16s-7.163-16-16-16-16 7.163-16 16 7.163 16 16 16zM16 3c7.18 0 13 5.82 13 13s-5.82 13-13 13-13-5.82-13-13 5.82-13 13-13z\"\/>\n<path d=\"M20.914 9.914l-2.829-2.829-8.914 8.914 8.914 8.914 2.828-2.828-6.086-6.086z\"\/>\n<\/svg>\n        <\/div>\n        <div class=\"swiper-button-next\">\n            <svg xmlns=\"http:\/\/www.w3.org\/2000\/svg\" id=\"icon-circle-right\" viewbox=\"0 0 32 32\">\n<path d=\"M16 0c-8.837 0-16 7.163-16 16s7.163 16 16 16 16-7.163 16-16-7.163-16-16-16zM16 29c-7.18 0-13-5.82-13-13s5.82-13 13-13 13 5.82 13 13-5.82 13-13 13z\"\/>\n<path d=\"M11.086 22.086l2.829 2.829 8.914-8.914-8.914-8.914-2.828 2.828 6.086 6.086z\"\/>\n<\/svg>\n        <\/div>\n    \n    \n<\/div>\n\n<\/div><div class=\"bde-div-171-161 bde-div button-bleed\">\n  \n  \n\t\n\n\n\n<div class=\"bde-button-171-157 bde-button\">\n    \n                        \n                        \n    \n    \n    \n    \n            \n                    \n            \n            \n\n    \n    \n    \n    \n    \n    <a class=\"breakdance-link button-atom button-atom--text bde-button__button\" href=\"https:\/\/hommanas.com\/en\/products\/\" target=\"_self\" data-type=\"url\"  >\n\n    \n        <span class=\"button-atom__text\">Explore our selection <\/span>\n\n        \n                    \n    <span class=\"button-atom__icon-wrapper\">\n\n        \n            <svg class=\"un-arrow-icon\" width=\"10\" height=\"10\" viewbox=\"0 0 10 10\" aria-hidden=\"true\">\n                <g fill-rule=\"evenodd\">\n                    <path class=\"un-arrow-icon_arrow\" d=\"M1 1l4 4-4 4\"><\/path>\n                <\/g>\n            <\/svg>\n\n        \n    <\/span>\n\n\n        \n                <\/a>\n\n    \n\n\n<\/div>\n<\/div><\/div>\n<\/section><section class=\"bde-section-171-155 bde-section\">\n  \n  \n\t\n\n\n\n<div class=\"section-container\"><div class=\"bde-rich-text-171-162 bde-rich-text breakdance-rich-text-styles\">\n<h2 style=\"font-weight: 400px;\">Traditional <i>delicacies<\/i> from the Heart of Nature<\/h2>\n<\/div><div class=\"bde-rich-text-171-163 bde-rich-text breakdance-rich-text-styles\">\n<p class=\"p1\">All our delicacies are made here in the Porvoo archipelago, surrounded by unspoiled nature.\nHere we also handcraft and package them into beautiful gifts and ready-made sets.\nWe respect nature \u2014 it provides the ingredients for our products today, and hopefully for generations to come.<\/p>\n<\/div><div class=\"bde-button-171-164 bde-button\">\n    \n                                    \n    \n    \n    \n    \n            \n                    \n            \n            \n\n    \n    \n    \n    \n    \n    <a class=\"breakdance-link button-atom button-atom--primary bde-button__button\" href=\"https:\/\/hommanas.com\/en\/products\/\" target=\"_self\" data-type=\"url\"  >\n\n    \n        <span class=\"button-atom__text\">Explore our selection<\/span>\n\n        \n        \n                <\/a>\n\n    \n\n\n<\/div><div class=\"bde-text-171-165 bde-text bleed-right-text\">\nHomman\u00e4s\n<\/div><\/div>\n<\/section>","protected":false},"excerpt":{"rendered":"<p>Aitoja makuja Porvoosta V\u00e4rit ja maut aidoista marjoista ja puhtaasta luonnosta. Tutustu koko valikoimaamme Herkkujemme v\u00e4ri ja maku tulee aidoista marjoista ja puhtaasta luonnosta. K\u00e4yt\u00e4mme marjatuotteidemme valmistuksessa laadukkaita kotimaisia sek\u00e4 eurooppalaisia raaka-aineita ja s\u00e4il\u00f6nt\u00e4\u00e4n sek\u00e4 makeuttamiseen aitoa sokeria. Homman\u00e4s Tuotteemme Hillot ja marmeladit Hyytel\u00f6t ja sinapit Juomat Lahjapakkaukset Tutustu koko valikoimaamme Perinteisi\u00e4 herkkuja luonnon keskelt\u00e4 [&hellip;]<\/p>\n","protected":false},"author":1,"featured_media":0,"parent":0,"menu_order":0,"comment_status":"closed","ping_status":"closed","template":"","meta":{"_acf_changed":false,"_breakdance_hide_in_design_set":false,"_breakdance_tags":"","footnotes":""},"class_list":["post-171","page","type-page","status-publish","hentry"],"acf":[],"_links":{"self":[{"href":"https:\/\/hommanas.com\/en\/wp-json\/wp\/v2\/pages\/171","targetHints":{"allow":["GET"]}}],"collection":[{"href":"https:\/\/hommanas.com\/en\/wp-json\/wp\/v2\/pages"}],"about":[{"href":"https:\/\/hommanas.com\/en\/wp-json\/wp\/v2\/types\/page"}],"author":[{"embeddable":true,"href":"https:\/\/hommanas.com\/en\/wp-json\/wp\/v2\/users\/1"}],"replies":[{"embeddable":true,"href":"https:\/\/hommanas.com\/en\/wp-json\/wp\/v2\/comments?post=171"}],"version-history":[{"count":20,"href":"https:\/\/hommanas.com\/en\/wp-json\/wp\/v2\/pages\/171\/revisions"}],"predecessor-version":[{"id":619,"href":"https:\/\/hommanas.com\/en\/wp-json\/wp\/v2\/pages\/171\/revisions\/619"}],"wp:attachment":[{"href":"https:\/\/hommanas.com\/en\/wp-json\/wp\/v2\/media?parent=171"}],"curies":[{"name":"wp","href":"https:\/\/api.w.org\/{rel}","templated":true}]}}