{"id":227,"date":"2025-10-06T10:35:25","date_gmt":"2025-10-06T07:35:25","guid":{"rendered":"https:\/\/hommanas.com\/?page_id=227"},"modified":"2025-10-30T17:01:31","modified_gmt":"2025-10-30T15:01:31","slug":"our-story","status":"publish","type":"page","link":"https:\/\/hommanas.com\/en\/tarinamme\/","title":{"rendered":"Our Story"},"content":{"rendered":"<section class=\"bde-section-227-100 bde-section\">\n  \n  \n\t\n\n\n\n<div class=\"section-container\"><div class=\"bde-columns-227-101 bde-columns\"><div class=\"bde-column-227-102 bde-column\">\n  \n  \n\t\n\n\n\n<div class=\"bde-div-227-103 bde-div\">\n  \n  \n\t\n\n\n\n<div class=\"bde-rich-text-227-104 bde-rich-text breakdance-rich-text-styles\">\n<h1 class=\"hero-title\">\n<span class=\"line line-1\">Traditional<\/span>\n<span class=\"line line-2\">delicacies<\/span>\n<span class=\"line line-3\">from Porvoo archipelago<\/span>\n<\/h1>\n<\/div><div class=\"bde-text-227-105 bde-text\">\nHomman\u00e4s G\u00e5rd is a family-run estate with a long heritage. From the very beginning, all our delicacies have been handmade using traditional recipes and pure, natural ingredients.\n<\/div>\n<\/div>\n<\/div><div class=\"bde-column-227-106 bde-column\">\n  \n  \n\t\n\n\n\n<img decoding=\"async\" class=\"bde-image2-227-107 bde-image2 story-hero-img\" src=\"https:\/\/hommanas-com.staging.hel3.wp-cloud.dev\/wp-content\/uploads\/2025\/10\/Hommanas-Tarinamme-Hero_img.jpg\" loading=\"lazy\" srcset=\"https:\/\/hommanas-com.staging.hel3.wp-cloud.dev\/wp-content\/uploads\/2025\/10\/Hommanas-Tarinamme-Hero_img.jpg 1080w, https:\/\/hommanas-com.staging.hel3.wp-cloud.dev\/wp-content\/uploads\/2025\/10\/Hommanas-Tarinamme-Hero_img-240x300.jpg 240w, https:\/\/hommanas-com.staging.hel3.wp-cloud.dev\/wp-content\/uploads\/2025\/10\/Hommanas-Tarinamme-Hero_img-819x1024.jpg 819w, https:\/\/hommanas-com.staging.hel3.wp-cloud.dev\/wp-content\/uploads\/2025\/10\/Hommanas-Tarinamme-Hero_img-768x960.jpg 768w, https:\/\/hommanas-com.staging.hel3.wp-cloud.dev\/wp-content\/uploads\/2025\/10\/Hommanas-Tarinamme-Hero_img-600x750.jpg 600w\" sizes=\"(max-width: 1080px) 100vw, 1080px\">\n<\/div><\/div><\/div>\n<\/section><section class=\"bde-section-227-108 bde-section\">\n  \n  \n\t\n\n\n\n<div class=\"section-container\"><div class=\"bde-div-227-110 bde-div\">\n  \n  \n\t\n\n\n\n<div class=\"bde-rich-text-227-112 bde-rich-text breakdance-rich-text-styles\">\n<h2 style=\"font-weight: 400px;\">Pure flavours of <i>real<\/i> berries<\/h2>\n<\/div><div class=\"bde-rich-text-227-113 bde-rich-text breakdance-rich-text-styles\">\n<p class=\"p1\">The rich colour and flavour of our delicacies come from genuine berries and the clean Nordic nature.\nIn our berry products, we use only high-quality Finnish and European ingredients, and for preservation and sweetness \u2014 real sugar. \n<br>\n<br>\nOur selection also includes low-calorie berry products made without added sugar and with a high berry content. All our delicacies are crafted here in the Porvoo archipelago, in the heart of pure nature.\nThis is also where we hand-package them into beautiful gifts and ready-made sets. \n<br>\n<br>\nWe respect nature. It provides the ingredients for our products today \u2014 and, we hope, for generations to come. That\u2019s why we strive to make responsible choices in every part of our work \u2014 from production and packaging to transportation.\nWe are proud to craft delicious Finnish delicacies.<\/p>\n<\/div>\n<\/div><img decoding=\"async\" class=\"bde-image2-227-109 bde-image2 float-img-left\" src=\"https:\/\/hommanas-com.staging.hel3.wp-cloud.dev\/wp-content\/uploads\/2025\/10\/manor_front.jpg\" loading=\"lazy\" srcset=\"https:\/\/hommanas-com.staging.hel3.wp-cloud.dev\/wp-content\/uploads\/2025\/10\/manor_front.jpg 900w, https:\/\/hommanas-com.staging.hel3.wp-cloud.dev\/wp-content\/uploads\/2025\/10\/manor_front-300x200.jpg 300w, https:\/\/hommanas-com.staging.hel3.wp-cloud.dev\/wp-content\/uploads\/2025\/10\/manor_front-768x512.jpg 768w, https:\/\/hommanas-com.staging.hel3.wp-cloud.dev\/wp-content\/uploads\/2025\/10\/manor_front-600x400.jpg 600w\" sizes=\"(max-width: 900px) 100vw, 900px\"><\/div>\n<\/section><section class=\"bde-section-227-121 bde-section\">\n  \n  \n\t\n\n\n\n<div class=\"section-container\"><\/div>\n<\/section><section class=\"bde-section-227-111 bde-section\">\n  \n  \n\t\n\n\n\n<div class=\"section-container\"><div class=\"bde-text-227-115 bde-text bleed-right-text\">\nHomman\u00e4s\n<\/div><div class=\"bde-div-227-116 bde-div\">\n  \n  \n\t\n\n\n\n<div class=\"bde-rich-text-227-117 bde-rich-text breakdance-rich-text-styles\">\n<h2 style=\"font-weight: 400px;\">Traditional <i>delicacies<\/i> loved by many<\/h2>\n<\/div><div class=\"bde-rich-text-227-118 bde-rich-text breakdance-rich-text-styles\">\n<p class=\"p1\">In the beginning, our traditional delicacies \u2014 jams, jellies, juices, mulled drinks and mustards \u2014 were sold at markets and market halls in Porvoo and Helsinki. The products quickly gained a loyal following. \n<br>\n<br>\nOur authentic Kotisima, made from a traditional recipe, received glowing praise and sold out in record time \u2014 as did our berry-rich Christmas Glogg.\nAs demand grew, production was moved to our own facilities at the manor\u2019s juice room, and the business was passed from mother to son. \n<br>\n<br>\nAll our delicacies have been handcrafted from the very beginning, using traditional recipes and genuine natural ingredients. Following the same principles, our skilled food professionals continue to make Homman\u00e4s delicacies to this day. \n<br>\n<br>\nOur selection also continues to evolve with delightful new flavours that reflect our customers\u2019 wishes and today\u2019s taste preferences.<\/p>\n<\/div><div class=\"bde-button-227-119 bde-button\">\n    \n                        \n                        \n    \n    \n    \n    \n            \n                    \n            \n            \n\n    \n    \n    \n    \n    \n    <a class=\"breakdance-link button-atom button-atom--text bde-button__button\" href=\"https:\/\/hommanas.com\/en\/products\/\" target=\"_self\" data-type=\"url\"  >\n\n    \n        <span class=\"button-atom__text\">Explore our selection <\/span>\n\n        \n                    \n    <span class=\"button-atom__icon-wrapper\">\n\n        \n            <svg class=\"un-arrow-icon\" width=\"10\" height=\"10\" viewbox=\"0 0 10 10\" aria-hidden=\"true\">\n                <g fill-rule=\"evenodd\">\n                    <path class=\"un-arrow-icon_arrow\" d=\"M1 1l4 4-4 4\"><\/path>\n                <\/g>\n            <\/svg>\n\n        \n    <\/span>\n\n\n        \n                <\/a>\n\n    \n\n\n<\/div>\n<\/div><\/div>\n<\/section>","protected":false},"excerpt":{"rendered":"<p>Perinteisi\u00e4 herkkuja Porvoon saaristosta Homman\u00e4s G\u00e5rd on perheyritys ja sukutila, jolla on pitk\u00e4 historia. Kaikki herkut on alusta asti valmistettu k\u00e4sity\u00f6n\u00e4, perinteisill\u00e4 resepteill\u00e4, aidoista luonnon raaka-aineista. Makuja aidoista marjoista Herkkujemme v\u00e4ri ja maku tulee aidoista marjoista ja puhtaasta luonnosta. K\u00e4yt\u00e4mme marjatuotteidemme valmistuksessa laadukkaita kotimaisia sek\u00e4 eurooppalaisia raaka-aineita ja s\u00e4il\u00f6nt\u00e4\u00e4n sek\u00e4 makeuttamiseen aitoa sokeria. T\u00e4m\u00e4n lis\u00e4ksi [&hellip;]<\/p>\n","protected":false},"author":1,"featured_media":0,"parent":0,"menu_order":0,"comment_status":"closed","ping_status":"closed","template":"","meta":{"_acf_changed":false,"_breakdance_hide_in_design_set":false,"_breakdance_tags":"","footnotes":""},"class_list":["post-227","page","type-page","status-publish","hentry"],"acf":[],"_links":{"self":[{"href":"https:\/\/hommanas.com\/en\/wp-json\/wp\/v2\/pages\/227","targetHints":{"allow":["GET"]}}],"collection":[{"href":"https:\/\/hommanas.com\/en\/wp-json\/wp\/v2\/pages"}],"about":[{"href":"https:\/\/hommanas.com\/en\/wp-json\/wp\/v2\/types\/page"}],"author":[{"embeddable":true,"href":"https:\/\/hommanas.com\/en\/wp-json\/wp\/v2\/users\/1"}],"replies":[{"embeddable":true,"href":"https:\/\/hommanas.com\/en\/wp-json\/wp\/v2\/comments?post=227"}],"version-history":[{"count":20,"href":"https:\/\/hommanas.com\/en\/wp-json\/wp\/v2\/pages\/227\/revisions"}],"predecessor-version":[{"id":580,"href":"https:\/\/hommanas.com\/en\/wp-json\/wp\/v2\/pages\/227\/revisions\/580"}],"wp:attachment":[{"href":"https:\/\/hommanas.com\/en\/wp-json\/wp\/v2\/media?parent=227"}],"curies":[{"name":"wp","href":"https:\/\/api.w.org\/{rel}","templated":true}]}}