{"id":262,"date":"2025-10-06T14:13:45","date_gmt":"2025-10-06T11:13:45","guid":{"rendered":"https:\/\/hommanas.com\/?page_id=262"},"modified":"2025-10-30T16:34:06","modified_gmt":"2025-10-30T14:34:06","slug":"resellers","status":"publish","type":"page","link":"https:\/\/hommanas.com\/en\/jalleenmyyjat\/","title":{"rendered":"Resellers"},"content":{"rendered":"<section class=\"bde-section-262-100 bde-section\">\n  \n  \n\t\n\n\n\n<div class=\"section-container\"><div class=\"bde-columns-262-101 bde-columns\"><div class=\"bde-column-262-102 bde-column\">\n  \n  \n\t\n\n\n\n<div class=\"bde-div-262-103 bde-div\">\n  \n  \n\t\n\n\n\n<div class=\"bde-rich-text-262-104 bde-rich-text breakdance-rich-text-styles\">\n<h1 class=\"hero-title\">\n<span class=\"line line-1\">You can find our<\/span>\n<span class=\"line line-2\">Products<\/span>\n<span class=\"line line-3\">in stores across Finland<\/span>\n<\/h1>\n<\/div><div class=\"bde-text-262-105 bde-text\">\nYou can find a wide range of our delicacies in stores across Finland. Explore our retailers and find your nearest store.\n<\/div>\n<\/div>\n<\/div><div class=\"bde-column-262-106 bde-column\">\n  \n  \n\t\n\n\n\n<img decoding=\"async\" class=\"bde-image2-262-107 bde-image2\" src=\"https:\/\/hommanas-com.staging.hel3.wp-cloud.dev\/wp-content\/uploads\/2025\/10\/Hommanas-Jalleenmyyjat-Hero_img.jpg\" loading=\"lazy\" srcset=\"https:\/\/hommanas-com.staging.hel3.wp-cloud.dev\/wp-content\/uploads\/2025\/10\/Hommanas-Jalleenmyyjat-Hero_img.jpg 1080w, https:\/\/hommanas-com.staging.hel3.wp-cloud.dev\/wp-content\/uploads\/2025\/10\/Hommanas-Jalleenmyyjat-Hero_img-240x300.jpg 240w, https:\/\/hommanas-com.staging.hel3.wp-cloud.dev\/wp-content\/uploads\/2025\/10\/Hommanas-Jalleenmyyjat-Hero_img-819x1024.jpg 819w, https:\/\/hommanas-com.staging.hel3.wp-cloud.dev\/wp-content\/uploads\/2025\/10\/Hommanas-Jalleenmyyjat-Hero_img-768x960.jpg 768w, https:\/\/hommanas-com.staging.hel3.wp-cloud.dev\/wp-content\/uploads\/2025\/10\/Hommanas-Jalleenmyyjat-Hero_img-600x750.jpg 600w\" sizes=\"(max-width: 1080px) 100vw, 1080px\">\n<\/div><\/div><\/div>\n<\/section><section id=\"jalleenmyyjat\" class=\"bde-section-262-122 bde-section\">\n  \n  \n\t\n\n\n\n<div class=\"section-container\"><h1 class=\"bde-heading-262-123 bde-heading\">\nCheck availability and find your nearest store\n<\/h1><div class=\"bde-rich-text-262-113 bde-rich-text breakdance-rich-text-styles\">\n<p class=\"p1\">A wide range of our delicacies can be found in Prisma stores, well-stocked S-Market and K-Group stores, as well as in other selected retailers.\u00a0<\/p><p>Explore our retailers and find the nearest store to you.<\/p>\n<\/div><div class=\"bde-columns-262-124 bde-columns\"><div class=\"bde-column-262-125 bde-column\">\n  \n  \n\t\n\n\n\n<div class=\"bde-image-box-262-126 bde-image-box\">\n<div class=\"ee-imagebox-image\">\n  <img loading=\"lazy\" decoding=\"async\" class=\"breakdance-image-object\" src=\"http:\/\/vivalamexico.fi\/wp-content\/uploads\/2025\/04\/SRyhma-logo-200-200.png\" width=\"200\" height=\"200\">\n<\/div>\n<div class=\"ee-imagebox-content\">\n      <p class=\"ee-imagebox-title bde-h3\" >S-Group<\/p>\n    \n      <div class=\"ee-imagebox-text\" >Our products are available in selected S-Group grocery stores across Finland.\nCheck availability and find your nearest store on the S-Group's website.<\/div>\n    \n          \n                        \n                        \n    \n    \n    \n    \n            \n                    \n            \n            \n\n    \n    \n    \n    \n    \n    <a class=\"breakdance-link button-atom button-atom--text ee-imagebox-button\" href=\"https:\/\/www.s-kaupat.fi\/myymalat\" target=\"_blank\" data-type=\"url\" rel=\"noopener\">\n\n    \n        <span class=\"button-atom__text\">Find your nearest store<\/span>\n\n        \n                    \n    <span class=\"button-atom__icon-wrapper\">\n\n        \n            <svg class=\"un-arrow-icon\" width=\"10\" height=\"10\" viewbox=\"0 0 10 10\" aria-hidden=\"true\">\n                <g fill-rule=\"evenodd\">\n                    <path class=\"un-arrow-icon_arrow\" d=\"M1 1l4 4-4 4\"><\/path>\n                <\/g>\n            <\/svg>\n\n        \n    <\/span>\n\n\n        \n                <\/a>\n\n    \n\n  <\/div>\n\n<\/div>\n<\/div><div class=\"bde-column-262-127 bde-column\">\n  \n  \n\t\n\n\n\n<div class=\"bde-image-box-262-128 bde-image-box\">\n<div class=\"ee-imagebox-image\">\n  <img loading=\"lazy\" decoding=\"async\" class=\"breakdance-image-object\" src=\"http:\/\/vivalamexico.fi\/wp-content\/uploads\/2025\/04\/Kesko-logo-200-200.png\" width=\"200\" height=\"200\">\n<\/div>\n<div class=\"ee-imagebox-content\">\n      <p class=\"ee-imagebox-title bde-h3\" >K-Ryhm\u00e4<\/p>\n    \n      <div class=\"ee-imagebox-text\" >Our products are available in selected K-Group grocery stores across Finland.\nCheck availability and find your nearest store on the K-Group's website.<\/div>\n    \n          \n                        \n                        \n    \n    \n    \n    \n            \n                    \n            \n            \n\n    \n    \n    \n    \n    \n    <a class=\"breakdance-link button-atom button-atom--text ee-imagebox-button\" href=\"https:\/\/www.k-ruoka.fi\/?kaupat\" target=\"_blank\" data-type=\"url\" rel=\"noopener\">\n\n    \n        <span class=\"button-atom__text\">Find your nearest store<\/span>\n\n        \n                    \n    <span class=\"button-atom__icon-wrapper\">\n\n        \n            <svg class=\"un-arrow-icon\" width=\"10\" height=\"10\" viewbox=\"0 0 10 10\" aria-hidden=\"true\">\n                <g fill-rule=\"evenodd\">\n                    <path class=\"un-arrow-icon_arrow\" d=\"M1 1l4 4-4 4\"><\/path>\n                <\/g>\n            <\/svg>\n\n        \n    <\/span>\n\n\n        \n                <\/a>\n\n    \n\n  <\/div>\n\n<\/div>\n<\/div><div class=\"bde-column-262-153 bde-column\">\n  \n  \n\t\n\n\n\n<div class=\"bde-div-262-159 bde-div\">\n  \n  \n\t\n\n\n\n<h3 class=\"bde-heading-262-154 bde-heading\">\nOther retailers\n<\/h3><div class=\"bde-rich-text-262-139 bde-rich-text breakdance-rich-text-styles\">\n<div>Laivurin valinta (Tehtaankatu 21)<\/div><p>Mocca mate (Hakaniemen kauppahalli)<\/p><p>Kanniston leipomo (Gl\u00f6gi ja Kotisima)<\/p><p>Gumbostrandin Panimopuoti (S\u00f6derkulla)<\/p><p>Mikrokulma (Porvoo, kausiherkut)<\/p>\n<\/div>\n<\/div>\n<\/div><\/div><\/div>\n<\/section>","protected":false},"excerpt":{"rendered":"<p>L\u00f6yd\u00e4t tuotteitamme kaupoista ymp\u00e4ri Suomen Laaja valikoima herkkujamme l\u00f6ytyy valikoiduista myym\u00e4l\u00f6ist\u00e4 ymp\u00e4ri Suomen. Tutustu j\u00e4lleenmyyjiimme tarkemmin ja etsi l\u00e4hin myym\u00e4l\u00e4si. Tarkista saatavuus ja etsi l\u00e4hin myym\u00e4l\u00e4si Tuotevalikoimamme vaihtelee kauppakohtaisesti. Laaja valikoima herkkujamme l\u00f6ytyy Prismoista, hyvin varrustelluista S-Marketeista ja K-ryhm\u00e4n myym\u00e4l\u00f6ist\u00e4, sek\u00e4 muista valikoiduista myym\u00e4l\u00f6ist\u00e4.\u00a0Tutustu j\u00e4lleenmyyjiimme ja etsi l\u00e4hin j\u00e4lleenmyyj\u00e4si. S-Ryhm\u00e4 Tuotteitamme on saatavilla valituissa S-Ryhm\u00e4n [&hellip;]<\/p>\n","protected":false},"author":1,"featured_media":0,"parent":0,"menu_order":0,"comment_status":"closed","ping_status":"closed","template":"","meta":{"_acf_changed":false,"_breakdance_hide_in_design_set":false,"_breakdance_tags":"","footnotes":""},"class_list":["post-262","page","type-page","status-publish","hentry"],"acf":[],"_links":{"self":[{"href":"https:\/\/hommanas.com\/en\/wp-json\/wp\/v2\/pages\/262","targetHints":{"allow":["GET"]}}],"collection":[{"href":"https:\/\/hommanas.com\/en\/wp-json\/wp\/v2\/pages"}],"about":[{"href":"https:\/\/hommanas.com\/en\/wp-json\/wp\/v2\/types\/page"}],"author":[{"embeddable":true,"href":"https:\/\/hommanas.com\/en\/wp-json\/wp\/v2\/users\/1"}],"replies":[{"embeddable":true,"href":"https:\/\/hommanas.com\/en\/wp-json\/wp\/v2\/comments?post=262"}],"version-history":[{"count":19,"href":"https:\/\/hommanas.com\/en\/wp-json\/wp\/v2\/pages\/262\/revisions"}],"predecessor-version":[{"id":574,"href":"https:\/\/hommanas.com\/en\/wp-json\/wp\/v2\/pages\/262\/revisions\/574"}],"wp:attachment":[{"href":"https:\/\/hommanas.com\/en\/wp-json\/wp\/v2\/media?parent=262"}],"curies":[{"name":"wp","href":"https:\/\/api.w.org\/{rel}","templated":true}]}}