{"id":304,"date":"2025-10-19T21:57:01","date_gmt":"2025-10-19T18:57:01","guid":{"rendered":"https:\/\/hommanas.com\/?page_id=304"},"modified":"2026-02-02T12:47:47","modified_gmt":"2026-02-02T10:47:47","slug":"contact","status":"publish","type":"page","link":"https:\/\/hommanas.com\/en\/yhteystiedot\/","title":{"rendered":"Contact Us"},"content":{"rendered":"<section class=\"bde-section-304-181 bde-section\">\n  \n  \n\t\n\n\n\n<div class=\"section-container\"><div class=\"bde-div-304-182 bde-div\">\n  \n  \n\t\n\n\n\n<div class=\"bde-rich-text-304-183 bde-rich-text breakdance-rich-text-styles\">\n<h1 class=\"hero-title\"><span class=\"line line-1\">Our team is at<\/span> <span class=\"line line-2\">your service<\/span> <span class=\"line line-3\">when you need more information<\/span><\/h1>\n<\/div><div class=\"bde-text-304-184 bde-text\">\nContact us if you have any questions about our products or services. We\u2019re happy to help! You\u2019ll find our contact details below.\n<\/div>\n<\/div><img decoding=\"async\" class=\"bde-image2-304-186 bde-image2 float-img\" src=\"https:\/\/hommanas-com.staging.hel3.wp-cloud.dev\/wp-content\/uploads\/2025\/10\/pexels-elly-fairytale-3807511-scaled.jpg\" loading=\"lazy\" srcset=\"https:\/\/hommanas-com.staging.hel3.wp-cloud.dev\/wp-content\/uploads\/2025\/10\/pexels-elly-fairytale-3807511-scaled.jpg 1706w, https:\/\/hommanas-com.staging.hel3.wp-cloud.dev\/wp-content\/uploads\/2025\/10\/pexels-elly-fairytale-3807511-200x300.jpg 200w, https:\/\/hommanas-com.staging.hel3.wp-cloud.dev\/wp-content\/uploads\/2025\/10\/pexels-elly-fairytale-3807511-683x1024.jpg 683w, https:\/\/hommanas-com.staging.hel3.wp-cloud.dev\/wp-content\/uploads\/2025\/10\/pexels-elly-fairytale-3807511-768x1152.jpg 768w, https:\/\/hommanas-com.staging.hel3.wp-cloud.dev\/wp-content\/uploads\/2025\/10\/pexels-elly-fairytale-3807511-1024x1536.jpg 1024w, https:\/\/hommanas-com.staging.hel3.wp-cloud.dev\/wp-content\/uploads\/2025\/10\/pexels-elly-fairytale-3807511-1365x2048.jpg 1365w, https:\/\/hommanas-com.staging.hel3.wp-cloud.dev\/wp-content\/uploads\/2025\/10\/pexels-elly-fairytale-3807511-600x900.jpg 600w\" sizes=\"(max-width: 1706px) 100vw, 1706px\"><\/div>\n<\/section><section class=\"bde-section-304-187 bde-section green-section\">\n  \n  \n\t\n\n\n\n<div class=\"section-container\"><div class=\"bde-rich-text-304-166 bde-rich-text breakdance-rich-text-styles\">\n<h2 style=\"font-weight: 400px;\">Orders <i>&amp;<\/i> inquiries<\/h2>\n<\/div><div class=\"bde-div-304-188 bde-div\">\n  \n  \n\t\n\n\n\n<div class=\"bde-rich-text-304-189 bde-rich-text breakdance-rich-text-styles\">\n<p class=\"p1\">For more information about our products and placing an order, please send us an email at <a href=\"mailto:andersson@hommanas.com\">andersson@hommanas.com<\/a>.<\/p>\n<\/div><div class=\"bde-button-304-169 bde-button\">\n    \n                        \n                        \n    \n    \n    \n    \n            \n                    \n            \n            \n\n    \n    \n    \n    \n    \n    <a class=\"breakdance-link button-atom button-atom--secondary bde-button__button\" href=\"mailto:andersson@hommanas.com\" target=\"_self\" data-type=\"url\"  >\n\n    \n        <span class=\"button-atom__text\">Email us<\/span>\n\n        \n        \n                <\/a>\n\n    \n\n\n<\/div>\n<\/div><div class=\"bde-text-304-190 bde-text bleed-left\">\nHomman\u00e4s\n<\/div><\/div>\n<\/section><section class=\"bde-section-304-170 bde-section\">\n  \n  \n\t\n\n\n\n<div class=\"section-container\"><div class=\"bde-columns-304-176 bde-columns\"><div class=\"bde-column-304-177 bde-column\">\n  \n  \n\t\n\n\n\n<div class=\"bde-rich-text-304-173 bde-rich-text breakdance-rich-text-styles\">\n<h2 style=\"font-weight: 400px;\">Contact Us<\/h2>\n<\/div><div class=\"bde-columns-304-192 bde-columns\"><div class=\"bde-column-304-193 bde-column\">\n  \n  \n\t\n\n\n\n<div class=\"bde-rich-text-304-174 bde-rich-text breakdance-rich-text-styles\">\n<p><span style=\"font-family: Baskervville; font-size: 2.4rem; font-weight: 600;\"> Magnus Andersson<\/span><br \/>CEO<br \/>Sales and inquiries<br \/><a href=\"mailto:andersson@hommanas.com\">andersson@hommanas.com<\/a><br \/><a href=\"tel:+358407036492\">+358 40 703 6492<\/a><\/p>\n<\/div>\n<\/div><div class=\"bde-column-304-194 bde-column\">\n  \n  \n\t\n\n\n\n<div class=\"bde-rich-text-304-198 bde-rich-text breakdance-rich-text-styles\">\n<p><span style=\"font-family: Baskervville; font-size: 2.4rem; font-weight: 600;\">P\u00e4ivi Kiiski<\/span><br \/>Production Manager<br \/>Juicery, product development<br \/><a href=\"mailto:tuotanto@hommanas.com\">tuotanto@hommanas.com<\/a><br \/><a href=\"tel:+358405765658\">+358 40 576 5658<\/a><\/p>\n<\/div>\n<\/div><div class=\"bde-column-304-195 bde-column\">\n  \n  \n\t\n\n\n\n<div class=\"bde-rich-text-304-199 bde-rich-text breakdance-rich-text-styles\">\n<p><span style=\"font-family: Baskervville; font-size: 2.4rem; font-weight: 600;\">Kjell Hassel<\/span><br \/>Juicery, product development<br \/><a href=\"mailto:tuotanto@hommanas.com\">tuotanto@hommanas.com<\/a><\/p>\n<\/div>\n<\/div><div class=\"bde-column-304-200 bde-column\">\n  \n  \n\t\n\n\n\n<div class=\"bde-rich-text-304-201 bde-rich-text breakdance-rich-text-styles\">\n<p><span style=\"font-family: Baskervville; font-size: 2.4rem; font-weight: 600;\">Jenni Andersson<\/span><br \/>Product Manager<br \/>jenni.andersson6@icloud.com<\/p>\n<\/div>\n<\/div><\/div>\n<\/div><div class=\"bde-column-304-178 bde-column\">\n  \n  \n\t\n\n\n\n<div class=\"bde-google-map-304-180 bde-google-map\">\r\n<iframe width=\"100%\" height=\"100%\" style=\"border:0\" loading=\"lazy\" title=\"Map\" src=\"https:\/\/maps.google.com\/maps?q=L%C3%B6fvingintie+98%2C+06200+Porvoo&t=m&z=14&output=embed&iwloc=near\" allowfullscreen><\/iframe>\n<\/div>\n<\/div><\/div><\/div>\n<\/section>","protected":false},"excerpt":{"rendered":"<p>Hillokellarin v\u00e4ki on apunasi kun kaipaat lis\u00e4tietoja Ota meihin yhteytt\u00e4, jos sinulla on kysytt\u00e4v\u00e4\u00e4 tuotteistamme tai palveluistamme. Autamme mielell\u00e4mme! Yhteystietomme l\u00f6yd\u00e4t alta. Tilaukset ja tiedustelut Voit kysy\u00e4 lis\u00e4\u00e4 tuotteistamme tai niiden tilauksesta l\u00e4hett\u00e4m\u00e4ll\u00e4 meille s\u00e4hk\u00f6postia osoitteeseen andersson@hommanas.com. L\u00e4het\u00e4 meille s\u00e4hk\u00f6postia Homman\u00e4s Yhteystiedot Magnus AnderssonToimitusjohtajaMyynti ja tiedustelutandersson@hommanas.com+358 40 703 6492 P\u00e4ivi KiiskiTuotantojohtajaMehustamo, tuotekehitystuotanto@hommanas.com+358 40 576 5658 [&hellip;]<\/p>\n","protected":false},"author":1,"featured_media":0,"parent":0,"menu_order":0,"comment_status":"closed","ping_status":"closed","template":"","meta":{"_acf_changed":false,"_breakdance_hide_in_design_set":false,"_breakdance_tags":"","footnotes":""},"class_list":["post-304","page","type-page","status-publish","hentry"],"acf":[],"_links":{"self":[{"href":"https:\/\/hommanas.com\/en\/wp-json\/wp\/v2\/pages\/304","targetHints":{"allow":["GET"]}}],"collection":[{"href":"https:\/\/hommanas.com\/en\/wp-json\/wp\/v2\/pages"}],"about":[{"href":"https:\/\/hommanas.com\/en\/wp-json\/wp\/v2\/types\/page"}],"author":[{"embeddable":true,"href":"https:\/\/hommanas.com\/en\/wp-json\/wp\/v2\/users\/1"}],"replies":[{"embeddable":true,"href":"https:\/\/hommanas.com\/en\/wp-json\/wp\/v2\/comments?post=304"}],"version-history":[{"count":20,"href":"https:\/\/hommanas.com\/en\/wp-json\/wp\/v2\/pages\/304\/revisions"}],"predecessor-version":[{"id":629,"href":"https:\/\/hommanas.com\/en\/wp-json\/wp\/v2\/pages\/304\/revisions\/629"}],"wp:attachment":[{"href":"https:\/\/hommanas.com\/en\/wp-json\/wp\/v2\/media?parent=304"}],"curies":[{"name":"wp","href":"https:\/\/api.w.org\/{rel}","templated":true}]}}